{"id":1556,"date":"2017-11-30T16:29:34","date_gmt":"2017-11-30T15:29:34","guid":{"rendered":"https:\/\/hs-fittings.de\/mentions-legales\/"},"modified":"2026-04-21T12:37:32","modified_gmt":"2026-04-21T10:37:32","slug":"mentions-legales","status":"publish","type":"page","link":"https:\/\/hs-fittings.de\/fr\/mentions-legales\/","title":{"rendered":"Mentions l\u00e9gales"},"content":{"rendered":"\n<style type=\"text\/css\" data-created_by=\"avia_inline_auto\" id=\"style-css-av-e41dc-444aebfc27d7b27686d8048a02e0934b\">\n.flex_column.av-e41dc-444aebfc27d7b27686d8048a02e0934b{\nborder-radius:0px 0px 0px 0px;\npadding:0px 0px 0px 0px;\n}\n<\/style>\n<div  class='flex_column av-e41dc-444aebfc27d7b27686d8048a02e0934b av_one_full  avia-builder-el-0  el_before_av_two_third  avia-builder-el-first  first flex_column_div av-zero-column-padding  '     ><style type=\"text\/css\" data-created_by=\"avia_inline_auto\" id=\"style-css-av-ddook-0ff969a6a73dee8a942c5b357d6f4a70\">\n#top .av-special-heading.av-ddook-0ff969a6a73dee8a942c5b357d6f4a70{\npadding-bottom:5px;\n}\nbody .av-special-heading.av-ddook-0ff969a6a73dee8a942c5b357d6f4a70 .av-special-heading-tag .heading-char{\nfont-size:25px;\n}\n.av-special-heading.av-ddook-0ff969a6a73dee8a942c5b357d6f4a70 .av-subheading{\nfont-size:15px;\n}\n<\/style>\n<div  class='av-special-heading av-ddook-0ff969a6a73dee8a942c5b357d6f4a70 av-special-heading-h1 blockquote modern-quote  avia-builder-el-1  avia-builder-el-no-sibling '><h1 class='av-special-heading-tag '  itemprop=\"headline\"  >Mentions l\u00e9gales de hs-fittings.fr<\/h1><div class=\"special-heading-border\"><div class=\"special-heading-inner-border\"><\/div><\/div><\/div><\/div>\n\n<style type=\"text\/css\" data-created_by=\"avia_inline_auto\" id=\"style-css-av-clkss-2f6fd58bf8ece5fc258c3563af888537\">\n.flex_column.av-clkss-2f6fd58bf8ece5fc258c3563af888537{\nborder-radius:0px 0px 0px 0px;\npadding:0px 0px 0px 0px;\n}\n<\/style>\n<div  class='flex_column av-clkss-2f6fd58bf8ece5fc258c3563af888537 av_two_third  avia-builder-el-2  el_after_av_one_full  el_before_av_one_full  first flex_column_div av-zero-column-padding  column-top-margin'     ><section  class='av_textblock_section av-c3o4g-e724a9d6a39a2528620de7d49c080c28 '   itemscope=\"itemscope\" itemtype=\"https:\/\/schema.org\/CreativeWork\" ><div class='avia_textblock'  itemprop=\"text\" ><h2><strong>HS Fittings est une marque d\u00e9pos\u00e9e de Hermann Schmidt GmbH &amp; Co. KG<\/strong><\/h2>\n<p>Responsable du contenu du site Web conform\u00e9ment \u00e0 l&rsquo;article 6 de la loi allemande sur les t\u00e9l\u00e9services (TDG) :<\/p>\n<p><strong>Hermann Schmidt GmbH &amp; Co. KG<\/strong><br \/>\nZeunerstra\u00dfe 6<br \/>\n45133 Essen-Bredeney<\/p>\n<p>T\u00e9l\u00e9phone : 0201 45001-0<br \/>\nT\u00e9l\u00e9copie : 0201 45001-11<\/p>\n<p>Courrier \u00e9lectronique : support@hermannschmidt.de<\/p>\n<p>Directeur g\u00e9n\u00e9ral : Dirk Roose<\/p>\n<p>HRA 425, tribunal d&rsquo;instance d&rsquo;Essen<br \/>\nNum\u00e9ro de TVA : DE119880443<\/p>\n<h2><\/h2>\n<\/div><\/section><br \/>\n\n<style type=\"text\/css\" data-created_by=\"avia_inline_auto\" id=\"style-css-av-boq30-26f374076940862d7ad70de379f67122\">\n#top .hr.hr-invisible.av-boq30-26f374076940862d7ad70de379f67122{\nheight:20px;\n}\n<\/style>\n<div  class='hr av-boq30-26f374076940862d7ad70de379f67122 hr-invisible  avia-builder-el-4  el_after_av_textblock  avia-builder-el-last '><span class='hr-inner '><span class=\"hr-inner-style\"><\/span><\/span><\/div><\/p><\/div>\n<style type=\"text\/css\" data-created_by=\"avia_inline_auto\" id=\"style-css-av-85ykw-ba8f7ca255c44bfc98676f9c082a5e2f\">\n.flex_column.av-85ykw-ba8f7ca255c44bfc98676f9c082a5e2f{\nborder-radius:0px 0px 0px 0px;\npadding:0px 0px 0px 0px;\n}\n<\/style>\n<div  class='flex_column av-85ykw-ba8f7ca255c44bfc98676f9c082a5e2f av_one_full  avia-builder-el-5  el_after_av_two_third  el_before_av_one_full  first flex_column_div av-zero-column-padding  column-top-margin'     ><section  class='av_textblock_section av-7iyyg-6c11bfaee9a6a464d17436e09ea7f686 '   itemscope=\"itemscope\" itemtype=\"https:\/\/schema.org\/CreativeWork\" ><div class='avia_textblock'  itemprop=\"text\" ><h2 align=\"left\">Cr\u00e9ation &amp; r\u00e9alisation de notre site web<\/h2>\n<blockquote>\n<p>Planification, conception et r\u00e9alisation de notre site web par <strong>Contunda<\/strong>.<br \/>\nWebdesign, SEO et Google AdWords par la soci\u00e9t\u00e9 <a href=\"https:\/\/contunda.de\/\" target=\"_blank\" rel=\"noopener noreferrer nofollow\"><strong>Contunda GmbH<\/strong><\/a>.<\/p>\n<\/blockquote>\n<h2><\/h2>\n<\/div><\/section><\/div><\/p>\n\n<style type=\"text\/css\" data-created_by=\"avia_inline_auto\" id=\"style-css-av-72joc-8fa5ce02afce233b18bbfb0ef4509b9a\">\n.flex_column.av-72joc-8fa5ce02afce233b18bbfb0ef4509b9a{\nborder-radius:0px 0px 0px 0px;\npadding:0px 0px 0px 0px;\n}\n<\/style>\n<div  class='flex_column av-72joc-8fa5ce02afce233b18bbfb0ef4509b9a av_one_full  avia-builder-el-7  el_after_av_one_full  avia-builder-el-last  first flex_column_div av-zero-column-padding  column-top-margin'     ><section  class='av_textblock_section av-6dd70-4d8c55178c3b12b4932d4461b814af3d '   itemscope=\"itemscope\" itemtype=\"https:\/\/schema.org\/CreativeWork\" ><div class='avia_textblock'  itemprop=\"text\" ><p><strong>Droits d&rsquo;auteur<br \/>\n<\/strong>Tous les contenus de ces sites Web, y compris la conception et la programmation, sont soumis aux droits d&rsquo;auteur (copyright). Tous droits r\u00e9serv\u00e9s, toutes les informations sont fournies sans garantie et sous r\u00e9serve de modifications. L&rsquo;utilisation de textes, de musique, de vid\u00e9os et d&rsquo;images n&rsquo;est autoris\u00e9e qu&rsquo;avec l&rsquo;accord explicite du <strong>directeur g\u00e9n\u00e9ral<\/strong>.  <\/p>\n<p><strong>Responsabilit\u00e9 pour les liens<\/strong><br \/>\nPar son jugement du 12 septembre 1999 &#8211; 312 O 85\/99 &lsquo;Responsabilit\u00e9 pour les liens&rsquo;, le tribunal de grande instance de Hambourg a d\u00e9cid\u00e9 que la publication d&rsquo;un lien entra\u00eene, le cas \u00e9ch\u00e9ant, une co-responsabilit\u00e9 pour les contenus de la page li\u00e9e. Selon le tribunal, cela ne peut \u00eatre \u00e9vit\u00e9 que si l&rsquo;on se distancie express\u00e9ment de ces contenus. Par la pr\u00e9sente, nous nous distan\u00e7ons express\u00e9ment de tous les contenus des pages ou graphiques li\u00e9s et ne les adoptons en aucun cas. Toute infraction \u00e0 la loi, aux bonnes m\u0153urs ou \u00e0 la morale dont nous aurions connaissance entra\u00eenerait la suppression imm\u00e9diate des liens, entr\u00e9es, graphiques ou autres.   <\/p>\n<p align=\"justify\">En cas de renvois directs ou indirects \u00e0 des sites Internet externes (\u00ab\u00a0liens\u00a0\u00bb) qui ne rel\u00e8vent pas du domaine de responsabilit\u00e9 de <a href=\"https:\/\/hs-fittings.de\/fr\/\">https:\/\/hs-fittings.de<\/a>, une obligation de responsabilit\u00e9 entrerait uniquement en vigueur si nous avions connaissance des contenus et s&rsquo;il \u00e9tait techniquement possible et raisonnable d&#8217;emp\u00eacher l&rsquo;utilisation en cas de contenus ill\u00e9gaux. Nous d\u00e9clarons donc express\u00e9ment qu&rsquo;au moment de l&rsquo;\u00e9tablissement des liens, les pages correspondantes \u00e9taient exemptes de contenus ill\u00e9gaux. L&rsquo;auteur n&rsquo;a aucune influence sur la conception actuelle et future et sur les contenus des pages li\u00e9es\/associ\u00e9es. C&rsquo;est pourquoi nous nous distan\u00e7ons express\u00e9ment par la pr\u00e9sente de tous les contenus de toutes les pages li\u00e9es\/associ\u00e9es qui ont \u00e9t\u00e9 modifi\u00e9es apr\u00e8s la cr\u00e9ation des liens. Cette constatation s&rsquo;applique \u00e0 tous les liens et renvois plac\u00e9s au sein de l&rsquo;offre Internet propre ainsi qu&rsquo;aux inscriptions de tiers dans les livres d&rsquo;or, forums de discussion et listes de diffusion mis en place par les auteurs. Seul le fournisseur de la page \u00e0 laquelle il a \u00e9t\u00e9 renvoy\u00e9 est responsable des contenus ill\u00e9gaux, erron\u00e9s ou incomplets et en particulier des dommages r\u00e9sultant de l&rsquo;utilisation ou de la non-utilisation des informations ainsi pr\u00e9sent\u00e9es, et non celui qui ne fait que renvoyer \u00e0 la publication concern\u00e9e par le biais de liens.     <\/p>\n<p><a name=\"datenschutz\"><\/a><\/p>\n<p align=\"justify\"><strong>Avis de responsabilit\u00e9<br \/>\n<\/strong>Malgr\u00e9 un contr\u00f4le minutieux du contenu, nous n&rsquo;assumons aucune responsabilit\u00e9 pour le contenu des liens externes. Seuls les exploitants de ces sites sont responsables de leur contenu. <\/p>\n<h2><\/h2>\n<\/div><\/section><\/div>\n","protected":false},"excerpt":{"rendered":"","protected":false},"author":2,"featured_media":0,"parent":0,"menu_order":0,"comment_status":"closed","ping_status":"closed","template":"","meta":{"footnotes":""},"class_list":["post-1556","page","type-page","status-publish","hentry"],"_links":{"self":[{"href":"https:\/\/hs-fittings.de\/fr\/wp-json\/wp\/v2\/pages\/1556","targetHints":{"allow":["GET"]}}],"collection":[{"href":"https:\/\/hs-fittings.de\/fr\/wp-json\/wp\/v2\/pages"}],"about":[{"href":"https:\/\/hs-fittings.de\/fr\/wp-json\/wp\/v2\/types\/page"}],"author":[{"embeddable":true,"href":"https:\/\/hs-fittings.de\/fr\/wp-json\/wp\/v2\/users\/2"}],"replies":[{"embeddable":true,"href":"https:\/\/hs-fittings.de\/fr\/wp-json\/wp\/v2\/comments?post=1556"}],"version-history":[{"count":3,"href":"https:\/\/hs-fittings.de\/fr\/wp-json\/wp\/v2\/pages\/1556\/revisions"}],"predecessor-version":[{"id":1807,"href":"https:\/\/hs-fittings.de\/fr\/wp-json\/wp\/v2\/pages\/1556\/revisions\/1807"}],"wp:attachment":[{"href":"https:\/\/hs-fittings.de\/fr\/wp-json\/wp\/v2\/media?parent=1556"}],"curies":[{"name":"wp","href":"https:\/\/api.w.org\/{rel}","templated":true}]}}