{"id":1300,"date":"2018-05-18T12:28:39","date_gmt":"2018-05-18T10:28:39","guid":{"rendered":"https:\/\/hs-fittings.de\/unternehmen\/"},"modified":"2023-01-30T13:56:31","modified_gmt":"2023-01-30T12:56:31","slug":"unternehmen","status":"publish","type":"page","link":"https:\/\/hs-fittings.de\/fr\/unternehmen\/","title":{"rendered":"Entreprise"},"content":{"rendered":"<div id='layer_slider_1'  class='avia-layerslider main_color avia-shadow  avia-builder-el-0  el_before_av_section  avia-builder-el-first  container_wrap fullsize'  style='height: 601px; max-width: 1920px; margin: 0 auto;'  ><\/div>\n\n<style type=\"text\/css\" data-created_by=\"avia_inline_auto\" id=\"style-css-av-jt792-17fe971d8b4c73679bc862671fad30e2\">\n.avia-section.av-jt792-17fe971d8b4c73679bc862671fad30e2{\nbackground-color:#919598;\nbackground-image:unset;\n}\n<\/style>\n<div id='av_section_1'  class='avia-section av-jt792-17fe971d8b4c73679bc862671fad30e2 main_color avia-section-large avia-no-border-styling  avia-builder-el-1  el_after_av_layerslider  el_before_av_section  avia-bg-style-scroll container_wrap fullsize'  ><div class='container av-section-cont-open' ><div class='template-page content  av-content-full alpha units'><div class='post-entry post-entry-type-page post-entry-1300'><div class='entry-content-wrapper clearfix'>\n\n<style type=\"text\/css\" data-created_by=\"avia_inline_auto\" id=\"style-css-av-62gm-024b5cd686f4855ef5d04cd654d9ea7e\">\n.flex_column.av-62gm-024b5cd686f4855ef5d04cd654d9ea7e{\nborder-radius:0px 0px 0px 0px;\npadding:0px 0px 0px 0px;\n}\n<\/style>\n<div  class='flex_column av-62gm-024b5cd686f4855ef5d04cd654d9ea7e av_one_full  avia-builder-el-2  avia-builder-el-no-sibling  first flex_column_div av-zero-column-padding  '     ><style type=\"text\/css\" data-created_by=\"avia_inline_auto\" id=\"style-css-av-jhbujnim-0730a60d6cf9bbb2670129cee2fcf943\">\n#top .av-special-heading.av-jhbujnim-0730a60d6cf9bbb2670129cee2fcf943{\npadding-bottom:0;\ncolor:#ffffff;\nfont-size:36px;\n}\nbody .av-special-heading.av-jhbujnim-0730a60d6cf9bbb2670129cee2fcf943 .av-special-heading-tag .heading-char{\nfont-size:25px;\n}\n#top #wrap_all .av-special-heading.av-jhbujnim-0730a60d6cf9bbb2670129cee2fcf943 .av-special-heading-tag{\nfont-size:36px;\n}\n.av-special-heading.av-jhbujnim-0730a60d6cf9bbb2670129cee2fcf943 .special-heading-inner-border{\nborder-color:#ffffff;\n}\n.av-special-heading.av-jhbujnim-0730a60d6cf9bbb2670129cee2fcf943 .av-subheading{\nfont-size:15px;\n}\n\n@media only screen and (min-width: 480px) and (max-width: 767px){ \n#top #wrap_all .av-special-heading.av-jhbujnim-0730a60d6cf9bbb2670129cee2fcf943 .av-special-heading-tag{\nfont-size:0.8em;\n}\n}\n\n@media only screen and (max-width: 479px){ \n#top #wrap_all .av-special-heading.av-jhbujnim-0730a60d6cf9bbb2670129cee2fcf943 .av-special-heading-tag{\nfont-size:0.8em;\n}\n}\n<\/style>\n<div  class='av-special-heading av-jhbujnim-0730a60d6cf9bbb2670129cee2fcf943 av-special-heading-h1 custom-color-heading blockquote modern-quote  avia-builder-el-3  avia-builder-el-no-sibling  av-inherit-size'><h1 class='av-special-heading-tag '  itemprop=\"headline\"  >  L\u2019entreprise<\/h1><div class=\"special-heading-border\"><div class=\"special-heading-inner-border\"><\/div><\/div><\/div><\/div>\n\n<\/div><\/div><\/div><!-- close content main div --><\/div><\/div>\n<style type=\"text\/css\" data-created_by=\"avia_inline_auto\" id=\"style-css-av-awtvcm-7f6ab122c121e36697f09912ef513fdf\">\n.avia-section.av-awtvcm-7f6ab122c121e36697f09912ef513fdf{\nbackground-color:#ffffff;\nbackground-image:unset;\n}\n<\/style>\n<div id='av_section_2'  class='avia-section av-awtvcm-7f6ab122c121e36697f09912ef513fdf main_color avia-section-large avia-no-border-styling  avia-builder-el-4  el_after_av_section  avia-builder-el-last  avia-bg-style-scroll container_wrap fullsize'  ><div class='container av-section-cont-open' ><div class='template-page content  av-content-full alpha units'><div class='post-entry post-entry-type-page post-entry-1300'><div class='entry-content-wrapper clearfix'>\n\n<style type=\"text\/css\" data-created_by=\"avia_inline_auto\" id=\"style-css-av-e9ts6-df77c7860e3d79cdf19b03c2c2b2766a\">\n.flex_column.av-e9ts6-df77c7860e3d79cdf19b03c2c2b2766a{\nborder-radius:0px 0px 0px 0px;\npadding:0px 0px 0px 0px;\n}\n<\/style>\n<div  class='flex_column av-e9ts6-df77c7860e3d79cdf19b03c2c2b2766a av_two_third  avia-builder-el-5  el_before_av_one_third  avia-builder-el-first  first flex_column_div av-zero-column-padding  '     ><p>\n<style type=\"text\/css\" data-created_by=\"avia_inline_auto\" id=\"style-css-av-r2qj0-fbec1466d749f23e5335e02c758aa41a\">\n#top .av-special-heading.av-r2qj0-fbec1466d749f23e5335e02c758aa41a{\npadding-bottom:10px;\n}\nbody .av-special-heading.av-r2qj0-fbec1466d749f23e5335e02c758aa41a .av-special-heading-tag .heading-char{\nfont-size:25px;\n}\n.av-special-heading.av-r2qj0-fbec1466d749f23e5335e02c758aa41a .av-subheading{\nfont-size:15px;\n}\n<\/style>\n<div  class='av-special-heading av-r2qj0-fbec1466d749f23e5335e02c758aa41a av-special-heading-h2 blockquote modern-quote  avia-builder-el-6  el_before_av_textblock  avia-builder-el-first '><h2 class='av-special-heading-tag '  itemprop=\"headline\"  >Sp\u00e9cialiste de la fonte mall\u00e9able<\/h2><div class=\"special-heading-border\"><div class=\"special-heading-inner-border\"><\/div><\/div><\/div><br \/>\n<section  class='av_textblock_section av-jhbt4q5i-635890db64297bf0b3db55b43852c06b '   itemscope=\"itemscope\" itemtype=\"https:\/\/schema.org\/CreativeWork\" ><div class='avia_textblock'  itemprop=\"text\" ><p>La fonte de fer est au c\u0153ur de notre activit\u00e9 depuis des d\u00e9cennies. Depuis plus de 50 ans, nous sommes l&rsquo;un des plus importants fournisseurs de raccords en fonte mall\u00e9able sur le march\u00e9 europ\u00e9en. Les raccords HS galvanis\u00e9s ont la particularit\u00e9 d&rsquo;avoir une couche de galvanisation d&rsquo;environ 50% plus \u00e9paisse que celle prescrite par la norme. Ceci est prouv\u00e9 par des tests r\u00e9guliers effectu\u00e9s par les MPA. Nos raccords ont ainsi une dur\u00e9e de vie plus longue.<\/p>\n<\/div><\/section><br \/>\n\n<style type=\"text\/css\" data-created_by=\"avia_inline_auto\" id=\"style-css-av-mkjsk-2e8890dfa3bcb6bc8387a1c5c6052945\">\n#top .av-special-heading.av-mkjsk-2e8890dfa3bcb6bc8387a1c5c6052945{\npadding-bottom:10px;\n}\nbody .av-special-heading.av-mkjsk-2e8890dfa3bcb6bc8387a1c5c6052945 .av-special-heading-tag .heading-char{\nfont-size:25px;\n}\n.av-special-heading.av-mkjsk-2e8890dfa3bcb6bc8387a1c5c6052945 .av-subheading{\nfont-size:15px;\n}\n<\/style>\n<div  class='av-special-heading av-mkjsk-2e8890dfa3bcb6bc8387a1c5c6052945 av-special-heading-h2 blockquote modern-quote  avia-builder-el-8  el_after_av_textblock  el_before_av_textblock '><h2 class='av-special-heading-tag '  itemprop=\"headline\"  >Nos produits<\/h2><div class=\"special-heading-border\"><div class=\"special-heading-inner-border\"><\/div><\/div><\/div><br \/>\n<section  class='av_textblock_section av-jhbt4q5i-635890db64297bf0b3db55b43852c06b '   itemscope=\"itemscope\" itemtype=\"https:\/\/schema.org\/CreativeWork\" ><div class='avia_textblock'  itemprop=\"text\" ><p>Les raccords en fonte mall\u00e9able sont propos\u00e9s en version galvanis\u00e9e (par immersion \u00e0 chaud) et noire, dans des dimensions allant de 1\/8 \u00e0 4 pouces. Nos produits sont \u00e0 la fois <strong><br \/>\n  <span class=\"ds1\" style=\"color: #000000;\">DVGW<\/span><br \/>\n<\/strong> ainsi que <strong><br \/>\n  <span class=\"ds1\" style=\"color: #000000;\">SVGW<\/span><br \/>\n<\/strong> et peuvent donc \u00eatre install\u00e9s sans restriction aussi bien dans les conduites d&rsquo;eau potable que dans les conduites de gaz.<\/p>\n<\/div><\/section><br \/>\n\n<style type=\"text\/css\" data-created_by=\"avia_inline_auto\" id=\"style-css-av-ftd5w-c81f5ee13a74e35d3321d21818373f82\">\n#top .av-special-heading.av-ftd5w-c81f5ee13a74e35d3321d21818373f82{\npadding-bottom:10px;\n}\nbody .av-special-heading.av-ftd5w-c81f5ee13a74e35d3321d21818373f82 .av-special-heading-tag .heading-char{\nfont-size:25px;\n}\n.av-special-heading.av-ftd5w-c81f5ee13a74e35d3321d21818373f82 .av-subheading{\nfont-size:15px;\n}\n<\/style>\n<div  class='av-special-heading av-ftd5w-c81f5ee13a74e35d3321d21818373f82 av-special-heading-h2 blockquote modern-quote  avia-builder-el-10  el_after_av_textblock  el_before_av_textblock '><h2 class='av-special-heading-tag '  itemprop=\"headline\"  >Notre exigence<\/h2><div class=\"special-heading-border\"><div class=\"special-heading-inner-border\"><\/div><\/div><\/div><br \/>\n<section  class='av_textblock_section av-jhbt4q5i-635890db64297bf0b3db55b43852c06b '   itemscope=\"itemscope\" itemtype=\"https:\/\/schema.org\/CreativeWork\" ><div class='avia_textblock'  itemprop=\"text\" ><p>La qualit\u00e9 des produits est une priorit\u00e9 pour HS-Fittings.<br \/>\nDu d\u00e9veloppement \u00e0 la production, nous mettons tout en \u0153uvre pour cr\u00e9er un produit fiable et de haute qualit\u00e9. Les raccords HS sont conformes \u00e0 la norme DIN EN 10242 et correspondent au symbole de conception A. Les filetages sont conformes \u00e0 la norme EN 10228-1 et pr\u00e9sentent une tr\u00e8s grande pr\u00e9cision angulaire. Les raccords HS garantissent ainsi une force d&rsquo;\u00e9tanch\u00e9it\u00e9 \u00e9lev\u00e9e avec un guidage pr\u00e9cis du tube.<\/p>\n<\/div><\/section><br \/>\n\n<style type=\"text\/css\" data-created_by=\"avia_inline_auto\" id=\"style-css-av-v1j8-009442e0eccbb6121c77a127b54feeb6\">\n#top .av-special-heading.av-v1j8-009442e0eccbb6121c77a127b54feeb6{\npadding-bottom:10px;\n}\nbody .av-special-heading.av-v1j8-009442e0eccbb6121c77a127b54feeb6 .av-special-heading-tag .heading-char{\nfont-size:25px;\n}\n.av-special-heading.av-v1j8-009442e0eccbb6121c77a127b54feeb6 .av-subheading{\nfont-size:15px;\n}\n<\/style>\n<div  class='av-special-heading av-v1j8-009442e0eccbb6121c77a127b54feeb6 av-special-heading-h2 blockquote modern-quote  avia-builder-el-12  el_after_av_textblock  el_before_av_textblock '><h2 class='av-special-heading-tag '  itemprop=\"headline\"  >Nos march\u00e9s<\/h2><div class=\"special-heading-border\"><div class=\"special-heading-inner-border\"><\/div><\/div><\/div><br \/>\n<section  class='av_textblock_section av-jhbt4q5i-635890db64297bf0b3db55b43852c06b '   itemscope=\"itemscope\" itemtype=\"https:\/\/schema.org\/CreativeWork\" ><div class='avia_textblock'  itemprop=\"text\" ><p>Les raccords HS sont exclusivement vendus par des grossistes sp\u00e9cialis\u00e9s en Europe. C&rsquo;est la seule fa\u00e7on de garantir un savoir-faire professionnel ainsi que les meilleurs conseils sur place.<\/p>\n<\/div><\/section><\/p><\/div>\n<style type=\"text\/css\" data-created_by=\"avia_inline_auto\" id=\"style-css-av-91k06-810a07d2325970bfc50b27d784910815\">\n.flex_column.av-91k06-810a07d2325970bfc50b27d784910815{\nborder-radius:0px 0px 0px 0px;\npadding:0px 0px 0px 0px;\n}\n<\/style>\n<div  class='flex_column av-91k06-810a07d2325970bfc50b27d784910815 av_one_third  avia-builder-el-14  el_after_av_two_third  avia-builder-el-last  flex_column_div av-zero-column-padding  '     ><style type=\"text\/css\" data-created_by=\"avia_inline_auto\" id=\"style-css-av-kuwduspr-2e09a29fbfc934cee41848434fecea2f\">\n.avia-image-container.av-kuwduspr-2e09a29fbfc934cee41848434fecea2f img.avia_image{\nbox-shadow:none;\n}\n.avia-image-container.av-kuwduspr-2e09a29fbfc934cee41848434fecea2f .av-image-caption-overlay-center{\ncolor:#ffffff;\n}\n<\/style>\n<div  class='avia-image-container av-kuwduspr-2e09a29fbfc934cee41848434fecea2f av-styling- avia-align-center  avia-builder-el-15  avia-builder-el-no-sibling '   itemprop=\"image\" itemscope=\"itemscope\" itemtype=\"https:\/\/schema.org\/ImageObject\" ><div class=\"avia-image-container-inner\"><div class=\"avia-image-overlay-wrap\"><img decoding=\"async\" fetchpriority=\"high\" class='wp-image-1134 avia-img-lazy-loading-not-1134 avia_image ' src=\"https:\/\/hs-fittings.de\/wp-content\/uploads\/Bild-2-Fittings-scaled.jpg\" alt='' title='Bild 2 - Fittings'  height=\"1366\" width=\"2048\"  itemprop=\"thumbnailUrl\" srcset=\"https:\/\/hs-fittings.de\/wp-content\/uploads\/Bild-2-Fittings-scaled.jpg 2048w, https:\/\/hs-fittings.de\/wp-content\/uploads\/Bild-2-Fittings-1030x687.jpg 1030w, https:\/\/hs-fittings.de\/wp-content\/uploads\/Bild-2-Fittings-768x512.jpg 768w, https:\/\/hs-fittings.de\/wp-content\/uploads\/Bild-2-Fittings-1536x1024.jpg 1536w, https:\/\/hs-fittings.de\/wp-content\/uploads\/Bild-2-Fittings-1500x1000.jpg 1500w, https:\/\/hs-fittings.de\/wp-content\/uploads\/Bild-2-Fittings-705x470.jpg 705w\" sizes=\"(max-width: 2048px) 100vw, 2048px\" \/><\/div><\/div><\/div><\/div>\n\n","protected":false},"excerpt":{"rendered":"","protected":false},"author":2,"featured_media":0,"parent":0,"menu_order":0,"comment_status":"closed","ping_status":"closed","template":"","meta":{"footnotes":""},"class_list":["post-1300","page","type-page","status-publish","hentry"],"_links":{"self":[{"href":"https:\/\/hs-fittings.de\/fr\/wp-json\/wp\/v2\/pages\/1300","targetHints":{"allow":["GET"]}}],"collection":[{"href":"https:\/\/hs-fittings.de\/fr\/wp-json\/wp\/v2\/pages"}],"about":[{"href":"https:\/\/hs-fittings.de\/fr\/wp-json\/wp\/v2\/types\/page"}],"author":[{"embeddable":true,"href":"https:\/\/hs-fittings.de\/fr\/wp-json\/wp\/v2\/users\/2"}],"replies":[{"embeddable":true,"href":"https:\/\/hs-fittings.de\/fr\/wp-json\/wp\/v2\/comments?post=1300"}],"version-history":[{"count":0,"href":"https:\/\/hs-fittings.de\/fr\/wp-json\/wp\/v2\/pages\/1300\/revisions"}],"wp:attachment":[{"href":"https:\/\/hs-fittings.de\/fr\/wp-json\/wp\/v2\/media?parent=1300"}],"curies":[{"name":"wp","href":"https:\/\/api.w.org\/{rel}","templated":true}]}}