{"id":1279,"date":"2016-02-17T13:42:08","date_gmt":"2016-02-17T12:42:08","guid":{"rendered":"https:\/\/hs-fittings.de\/welcome\/"},"modified":"2025-03-07T10:52:13","modified_gmt":"2025-03-07T09:52:13","slug":"welcome","status":"publish","type":"page","link":"https:\/\/hs-fittings.de\/fr\/welcome\/","title":{"rendered":"Page d&rsquo;accueil"},"content":{"rendered":"<div id='layer_slider_1'  class='avia-layerslider main_color avia-shadow  avia-builder-el-0  el_before_av_section  avia-builder-el-first  container_wrap fullsize'  style='height: 601px; max-width: 1920px; margin: 0 auto;'  ><\/div>\n\n<style type=\"text\/css\" data-created_by=\"avia_inline_auto\" id=\"style-css-av-jt792-2970711a156aacb9d0483c431903afcc\">\n.avia-section.av-jt792-2970711a156aacb9d0483c431903afcc{\nbackground-color:#919598;\nbackground-image:unset;\n}\n<\/style>\n<div id='av_section_1'  class='avia-section av-jt792-2970711a156aacb9d0483c431903afcc main_color avia-section-large avia-no-border-styling  avia-builder-el-1  el_after_av_layerslider  el_before_av_section  avia-bg-style-scroll container_wrap fullsize'  ><div class='container av-section-cont-open' ><div class='template-page content  av-content-full alpha units'><div class='post-entry post-entry-type-page post-entry-1279'><div class='entry-content-wrapper clearfix'>\n\n<style type=\"text\/css\" data-created_by=\"avia_inline_auto\" id=\"style-css-av-62gm-024b5cd686f4855ef5d04cd654d9ea7e\">\n.flex_column.av-62gm-024b5cd686f4855ef5d04cd654d9ea7e{\nborder-radius:0px 0px 0px 0px;\npadding:0px 0px 0px 0px;\n}\n<\/style>\n<div  class='flex_column av-62gm-024b5cd686f4855ef5d04cd654d9ea7e av_one_full  avia-builder-el-2  avia-builder-el-no-sibling  first flex_column_div av-zero-column-padding  '     ><style type=\"text\/css\" data-created_by=\"avia_inline_auto\" id=\"style-css-av-krysvcdp-1a0bb6be53d272f6ea984429926e2372\">\n#top .av-special-heading.av-krysvcdp-1a0bb6be53d272f6ea984429926e2372{\npadding-bottom:0;\ncolor:#ffffff;\nfont-size:36px;\n}\nbody .av-special-heading.av-krysvcdp-1a0bb6be53d272f6ea984429926e2372 .av-special-heading-tag .heading-char{\nfont-size:25px;\n}\n#top #wrap_all .av-special-heading.av-krysvcdp-1a0bb6be53d272f6ea984429926e2372 .av-special-heading-tag{\nfont-size:36px;\n}\n.av-special-heading.av-krysvcdp-1a0bb6be53d272f6ea984429926e2372 .special-heading-inner-border{\nborder-color:#ffffff;\n}\n.av-special-heading.av-krysvcdp-1a0bb6be53d272f6ea984429926e2372 .av-subheading{\nfont-size:15px;\n}\n\n@media only screen and (min-width: 480px) and (max-width: 767px){ \n#top #wrap_all .av-special-heading.av-krysvcdp-1a0bb6be53d272f6ea984429926e2372 .av-special-heading-tag{\nfont-size:0.8em;\n}\n}\n\n@media only screen and (max-width: 479px){ \n#top #wrap_all .av-special-heading.av-krysvcdp-1a0bb6be53d272f6ea984429926e2372 .av-special-heading-tag{\nfont-size:0.8em;\n}\n}\n<\/style>\n<div  class='av-special-heading av-krysvcdp-1a0bb6be53d272f6ea984429926e2372 av-special-heading-h1 custom-color-heading blockquote modern-quote  avia-builder-el-3  avia-builder-el-no-sibling  av-inherit-size'><h1 class='av-special-heading-tag '  itemprop=\"headline\"  >Le sp\u00e9cialiste de la fonte mall\u00e9able<\/h1><div class=\"special-heading-border\"><div class=\"special-heading-inner-border\"><\/div><\/div><\/div><\/div>\n\n<\/div><\/div><\/div><!-- close content main div --><\/div><\/div><div id='av_section_2'  class='avia-section av-awtvcm-92e4a5481fb6403038cc31ea16c80571 main_color avia-section-large avia-no-border-styling  avia-builder-el-4  el_after_av_section  el_before_av_section  avia-bg-style-scroll container_wrap fullsize'  ><div class='container av-section-cont-open' ><div class='template-page content  av-content-full alpha units'><div class='post-entry post-entry-type-page post-entry-1279'><div class='entry-content-wrapper clearfix'>\n\n<style type=\"text\/css\" data-created_by=\"avia_inline_auto\" id=\"style-css-av-aj8e7i-d297d3bb96ec478ff55eed701bad29d1\">\n.flex_column.av-aj8e7i-d297d3bb96ec478ff55eed701bad29d1{\nborder-radius:0px 0px 0px 0px;\npadding:0px 0px 0px 0px;\n}\n<\/style>\n<div  class='flex_column av-aj8e7i-d297d3bb96ec478ff55eed701bad29d1 av_one_third  avia-builder-el-5  el_before_av_one_third  avia-builder-el-first  first flex_column_div av-zero-column-padding  '     ><style type=\"text\/css\" data-created_by=\"avia_inline_auto\" id=\"style-css-av-aa9fny-34a8ed15ced6339942e11481256878df\">\n.iconbox.av-aa9fny-34a8ed15ced6339942e11481256878df .iconbox_icon{\ncolor:#919598;\n}\n.iconbox.av-aa9fny-34a8ed15ced6339942e11481256878df .iconbox_icon.avia-svg-icon svg:first-child{\nfill:#919598;\nstroke:#919598;\n}\n<\/style>\n<article  class='iconbox iconbox_top av-aa9fny-34a8ed15ced6339942e11481256878df av-no-box  avia-builder-el-6  avia-builder-el-no-sibling '  itemscope=\"itemscope\" itemtype=\"https:\/\/schema.org\/CreativeWork\" ><div class=\"iconbox_content\"><header class=\"entry-content-header\" aria-label=\"Ic\u00f4ne : Entreprise\"><div class='iconbox_icon heading-color avia-iconfont avia-font-entypo-fontello' data-av_icon='\ue80b' data-av_iconfont='entypo-fontello' title=\"Entreprise\" desc=\"Entreprise\" ><\/div><h3 class='iconbox_content_title '  itemprop=\"headline\" ><a href='https:\/\/hs-fittings.de\/fr\/unternehmen\/' title='Entreprise'  >Entreprise<\/a><\/h3><\/header><div class='iconbox_content_container '  itemprop=\"text\" ><p>Vous souhaitez en savoir plus sur notre entreprise et sur les raisons de nous faire confiance ? Vous \u00eates au bon endroit.<\/p>\n<\/div><\/div><footer class=\"entry-footer\"><\/footer><\/article><\/div>\n<style type=\"text\/css\" data-created_by=\"avia_inline_auto\" id=\"style-css-av-a7wk3y-ca657a2f419fd8a62417faae1b991998\">\n.flex_column.av-a7wk3y-ca657a2f419fd8a62417faae1b991998{\nborder-radius:0px 0px 0px 0px;\npadding:0px 0px 0px 0px;\n}\n<\/style>\n<div  class='flex_column av-a7wk3y-ca657a2f419fd8a62417faae1b991998 av_one_third  avia-builder-el-7  el_after_av_one_third  el_before_av_one_third  flex_column_div av-zero-column-padding  '     ><style type=\"text\/css\" data-created_by=\"avia_inline_auto\" id=\"style-css-av-a35ywm-b4f0daca7b5789e2f3a014b3ccf95691\">\n.iconbox.av-a35ywm-b4f0daca7b5789e2f3a014b3ccf95691 .iconbox_icon{\ncolor:#919598;\n}\n.iconbox.av-a35ywm-b4f0daca7b5789e2f3a014b3ccf95691 .iconbox_icon.avia-svg-icon svg:first-child{\nfill:#919598;\nstroke:#919598;\n}\n<\/style>\n<article  class='iconbox iconbox_top av-a35ywm-b4f0daca7b5789e2f3a014b3ccf95691 av-no-box  avia-builder-el-8  avia-builder-el-no-sibling '  itemscope=\"itemscope\" itemtype=\"https:\/\/schema.org\/CreativeWork\" ><div class=\"iconbox_content\"><header class=\"entry-content-header\" aria-label=\"Ic\u00f4ne : Produits\"><div class='iconbox_icon heading-color avia-iconfont avia-font-entypo-fontello' data-av_icon='\ue859' data-av_iconfont='entypo-fontello' title=\"Produits\" desc=\"Produits\" ><\/div><h3 class='iconbox_content_title '  itemprop=\"headline\" ><a href='https:\/\/hs-fittings.de\/fr\/produkte\/' title='Produits'  >Produits<\/a><\/h3><\/header><div class='iconbox_content_container '  itemprop=\"text\" ><p>Vous trouverez sur cette page un aper\u00e7u de notre gamme de produits de haute qualit\u00e9 dans le domaine des raccords.<\/p>\n<\/div><\/div><footer class=\"entry-footer\"><\/footer><\/article><\/div>\n<style type=\"text\/css\" data-created_by=\"avia_inline_auto\" id=\"style-css-av-9t0no6-9eb886b2ce43786c29ff5bdba8384e35\">\n.flex_column.av-9t0no6-9eb886b2ce43786c29ff5bdba8384e35{\nborder-radius:0px 0px 0px 0px;\npadding:0px 0px 0px 0px;\n}\n<\/style>\n<div  class='flex_column av-9t0no6-9eb886b2ce43786c29ff5bdba8384e35 av_one_third  avia-builder-el-9  el_after_av_one_third  avia-builder-el-last  flex_column_div av-zero-column-padding  '     ><style type=\"text\/css\" data-created_by=\"avia_inline_auto\" id=\"style-css-av-9qa2ae-f288ce02a1307aa78d91a3424daac98c\">\n.iconbox.av-9qa2ae-f288ce02a1307aa78d91a3424daac98c .iconbox_icon{\ncolor:#919598;\n}\n.iconbox.av-9qa2ae-f288ce02a1307aa78d91a3424daac98c .iconbox_icon.avia-svg-icon svg:first-child{\nfill:#919598;\nstroke:#919598;\n}\n<\/style>\n<article  class='iconbox iconbox_top av-9qa2ae-f288ce02a1307aa78d91a3424daac98c av-no-box  avia-builder-el-10  avia-builder-el-no-sibling '  itemscope=\"itemscope\" itemtype=\"https:\/\/schema.org\/CreativeWork\" ><div class=\"iconbox_content\"><header class=\"entry-content-header\" aria-label=\"Ic\u00f4ne : T\u00e9l\u00e9chargements\"><div class='iconbox_icon heading-color avia-iconfont avia-font-entypo-fontello' data-av_icon='\ue82d' data-av_iconfont='entypo-fontello' title=\"T\u00e9l\u00e9chargements\" desc=\"T\u00e9l\u00e9chargements\" ><\/div><h3 class='iconbox_content_title '  itemprop=\"headline\" ><a href='https:\/\/hs-fittings.de\/fr\/downloads\/' title='T\u00e9l\u00e9chargements'  >T\u00e9l\u00e9chargements<\/a><\/h3><\/header><div class='iconbox_content_container '  itemprop=\"text\" ><p>Vous avez besoin de donn\u00e9es et de faits sur nos produits ? Vous pouvez t\u00e9l\u00e9charger nos fiches produits ici.<\/p>\n<\/div><\/div><footer class=\"entry-footer\"><\/footer><\/article><\/div><\/div><\/div><\/div><!-- close content main div --><\/div><\/div>\n<style type=\"text\/css\" data-created_by=\"avia_inline_auto\" id=\"style-css-av-awtvcm-1-0cdb393b77120bccd31cfcccd841c9bd\">\n.avia-section.av-awtvcm-1-0cdb393b77120bccd31cfcccd841c9bd{\nbackground-color:#ffffff;\nbackground-image:unset;\n}\n<\/style>\n<div id='av_section_3'  class='avia-section av-awtvcm-1-0cdb393b77120bccd31cfcccd841c9bd main_color avia-section-large avia-no-border-styling  avia-builder-el-11  el_after_av_section  avia-builder-el-last  avia-bg-style-scroll container_wrap fullsize'  ><div class='container av-section-cont-open' ><div class='template-page content  av-content-full alpha units'><div class='post-entry post-entry-type-page post-entry-1279'><div class='entry-content-wrapper clearfix'>\n<div class='flex_column_table av-e9ts6-137bd60e477cf4cb56caba05f7ba843c sc-av_two_third av-equal-height-column-flextable'>\n<style type=\"text\/css\" data-created_by=\"avia_inline_auto\" id=\"style-css-av-e9ts6-137bd60e477cf4cb56caba05f7ba843c\">\n.flex_column.av-e9ts6-137bd60e477cf4cb56caba05f7ba843c{\nborder-radius:0px 0px 0px 0px;\npadding:0px 0px 0px 0px;\n}\n<\/style>\n<div  class='flex_column av-e9ts6-137bd60e477cf4cb56caba05f7ba843c av_two_third  avia-builder-el-12  el_before_av_one_third  avia-builder-el-first  first flex_column_table_cell av-equal-height-column av-align-middle av-zero-column-padding  '     ><p>\n<style type=\"text\/css\" data-created_by=\"avia_inline_auto\" id=\"style-css-av-7rorq-cf2d7c9a15098fc431705d733f8bb109\">\n#top .av-special-heading.av-7rorq-cf2d7c9a15098fc431705d733f8bb109{\npadding-bottom:10px;\n}\nbody .av-special-heading.av-7rorq-cf2d7c9a15098fc431705d733f8bb109 .av-special-heading-tag .heading-char{\nfont-size:25px;\n}\n.av-special-heading.av-7rorq-cf2d7c9a15098fc431705d733f8bb109 .av-subheading{\nfont-size:15px;\n}\n<\/style>\n<div  class='av-special-heading av-7rorq-cf2d7c9a15098fc431705d733f8bb109 av-special-heading-h2 blockquote modern-quote  avia-builder-el-13  el_before_av_textblock  avia-builder-el-first '><h2 class='av-special-heading-tag '  itemprop=\"headline\"  >Bienvenue<\/h2><div class=\"special-heading-border\"><div class=\"special-heading-inner-border\"><\/div><\/div><\/div><br \/>\n<section  class='av_textblock_section av-jhbt4q5i-2e0c2e797d1ee34a92cfa98f8eba4334 '   itemscope=\"itemscope\" itemtype=\"https:\/\/schema.org\/CreativeWork\" ><div class='avia_textblock'  itemprop=\"text\" ><p>Nous vous remercions de votre visite sur notre site Internet !<\/p>\n<p>Vous recherchez des raccords de tuyauterie en acier conformes \u00e0 la norme EN 10242 ?<br \/>\nNous serons heureux de vous aider &#8211; avec notre gamme compl\u00e8te de produits, des conseils de premier ordre et des partenaires commerciaux solides sur place.<\/p>\n<p>Vous trouverez dans les pages suivantes toutes les informations sur nos produits et services.<\/p>\n<\/div><\/section><br \/>\n\n<style type=\"text\/css\" data-created_by=\"avia_inline_auto\" id=\"style-css-av-jhbtdx2c-d131d1eb824b09ec95d9fa67d7b8300a\">\n#top .hr.hr-invisible.av-jhbtdx2c-d131d1eb824b09ec95d9fa67d7b8300a{\nheight:30px;\n}\n<\/style>\n<div  class='hr av-jhbtdx2c-d131d1eb824b09ec95d9fa67d7b8300a hr-invisible  avia-builder-el-15  el_after_av_textblock  el_before_av_button '><span class='hr-inner '><span class=\"hr-inner-style\"><\/span><\/span><\/div><br \/>\n<div  class='avia-button-wrap av-jhbtdc72-ae269dc746440a3284cdd0c69f02cbff-wrap avia-button-left  avia-builder-el-16  el_after_av_hr  avia-builder-el-last '><a href='https:\/\/hs-fittings.de\/fr\/unternehmen\/'  class='avia-button av-jhbtdc72-ae269dc746440a3284cdd0c69f02cbff av-link-btn avia-icon_select-no avia-size-large avia-position-left avia-color-theme-color-highlight'   aria-label=\"En savoir plus\"><span class='avia_iconbox_title' >En savoir plus<\/span><\/a><\/div><\/p><\/div><div class='av-flex-placeholder'><\/div>\n<style type=\"text\/css\" data-created_by=\"avia_inline_auto\" id=\"style-css-av-91k06-810a07d2325970bfc50b27d784910815\">\n.flex_column.av-91k06-810a07d2325970bfc50b27d784910815{\nborder-radius:0px 0px 0px 0px;\npadding:0px 0px 0px 0px;\n}\n<\/style>\n<div  class='flex_column av-91k06-810a07d2325970bfc50b27d784910815 av_one_third  avia-builder-el-17  el_after_av_two_third  avia-builder-el-last  flex_column_table_cell av-equal-height-column av-align-middle av-zero-column-padding  '     ><style type=\"text\/css\" data-created_by=\"avia_inline_auto\" id=\"style-css-av-jhbt8tre-c083d1c0d5e73b3068cd4ff47ad31be9\">\n.avia-image-container.av-jhbt8tre-c083d1c0d5e73b3068cd4ff47ad31be9 img.avia_image{\nbox-shadow:none;\n}\n.avia-image-container.av-jhbt8tre-c083d1c0d5e73b3068cd4ff47ad31be9 .av-image-caption-overlay-center{\ncolor:#ffffff;\n}\n<\/style>\n<div  class='avia-image-container av-jhbt8tre-c083d1c0d5e73b3068cd4ff47ad31be9 av-styling- avia-align-center  avia-builder-el-18  avia-builder-el-no-sibling '   itemprop=\"image\" itemscope=\"itemscope\" itemtype=\"https:\/\/schema.org\/ImageObject\" ><div class=\"avia-image-container-inner\"><div class=\"avia-image-overlay-wrap\"><img decoding=\"async\" fetchpriority=\"high\" class='wp-image-1134 avia-img-lazy-loading-not-1134 avia_image ' src=\"https:\/\/hs-fittings.de\/wp-content\/uploads\/Bild-2-Fittings-scaled.jpg\" alt='' title='Bild 2 - Fittings'  height=\"1366\" width=\"2048\"  itemprop=\"thumbnailUrl\" srcset=\"https:\/\/hs-fittings.de\/wp-content\/uploads\/Bild-2-Fittings-scaled.jpg 2048w, https:\/\/hs-fittings.de\/wp-content\/uploads\/Bild-2-Fittings-1030x687.jpg 1030w, https:\/\/hs-fittings.de\/wp-content\/uploads\/Bild-2-Fittings-768x512.jpg 768w, https:\/\/hs-fittings.de\/wp-content\/uploads\/Bild-2-Fittings-1536x1024.jpg 1536w, https:\/\/hs-fittings.de\/wp-content\/uploads\/Bild-2-Fittings-1500x1000.jpg 1500w, https:\/\/hs-fittings.de\/wp-content\/uploads\/Bild-2-Fittings-705x470.jpg 705w\" sizes=\"(max-width: 2048px) 100vw, 2048px\" \/><\/div><\/div><\/div><\/div><\/div><!--close column table wrapper. Autoclose: 1 -->\n<\/p>\n","protected":false},"excerpt":{"rendered":"","protected":false},"author":2,"featured_media":0,"parent":0,"menu_order":0,"comment_status":"closed","ping_status":"closed","template":"","meta":{"footnotes":""},"class_list":["post-1279","page","type-page","status-publish","hentry"],"_links":{"self":[{"href":"https:\/\/hs-fittings.de\/fr\/wp-json\/wp\/v2\/pages\/1279","targetHints":{"allow":["GET"]}}],"collection":[{"href":"https:\/\/hs-fittings.de\/fr\/wp-json\/wp\/v2\/pages"}],"about":[{"href":"https:\/\/hs-fittings.de\/fr\/wp-json\/wp\/v2\/types\/page"}],"author":[{"embeddable":true,"href":"https:\/\/hs-fittings.de\/fr\/wp-json\/wp\/v2\/users\/2"}],"replies":[{"embeddable":true,"href":"https:\/\/hs-fittings.de\/fr\/wp-json\/wp\/v2\/comments?post=1279"}],"version-history":[{"count":0,"href":"https:\/\/hs-fittings.de\/fr\/wp-json\/wp\/v2\/pages\/1279\/revisions"}],"wp:attachment":[{"href":"https:\/\/hs-fittings.de\/fr\/wp-json\/wp\/v2\/media?parent=1279"}],"curies":[{"name":"wp","href":"https:\/\/api.w.org\/{rel}","templated":true}]}}