{"id":1265,"date":"2018-05-18T12:29:17","date_gmt":"2018-05-18T10:29:17","guid":{"rendered":"https:\/\/hs-fittings.de\/downloads\/"},"modified":"2026-01-22T10:39:03","modified_gmt":"2026-01-22T09:39:03","slug":"downloads","status":"publish","type":"page","link":"https:\/\/hs-fittings.de\/fr\/downloads\/","title":{"rendered":"T\u00e9l\u00e9chargements"},"content":{"rendered":"<div id='layer_slider_1'  class='avia-layerslider main_color avia-shadow  avia-builder-el-0  el_before_av_section  avia-builder-el-first  container_wrap fullsize'  style='height: 601px; max-width: 1920px; margin: 0 auto;'  ><\/div>\n\n<style type=\"text\/css\" data-created_by=\"avia_inline_auto\" id=\"style-css-av-jt792-cf528edbcc44cef1b9f135d3a5880ef3\">\n.avia-section.av-jt792-cf528edbcc44cef1b9f135d3a5880ef3{\nbackground-color:#616161;\nbackground-image:unset;\n}\n<\/style>\n<div id='av_section_1'  class='avia-section av-jt792-cf528edbcc44cef1b9f135d3a5880ef3 main_color avia-section-large avia-no-border-styling  avia-builder-el-1  el_after_av_layerslider  el_before_av_section  avia-bg-style-scroll container_wrap fullsize'  ><div class='container av-section-cont-open' ><div class='template-page content  av-content-full alpha units'><div class='post-entry post-entry-type-page post-entry-1265'><div class='entry-content-wrapper clearfix'>\n\n<style type=\"text\/css\" data-created_by=\"avia_inline_auto\" id=\"style-css-av-62gm-024b5cd686f4855ef5d04cd654d9ea7e\">\n.flex_column.av-62gm-024b5cd686f4855ef5d04cd654d9ea7e{\nborder-radius:0px 0px 0px 0px;\npadding:0px 0px 0px 0px;\n}\n<\/style>\n<div  class='flex_column av-62gm-024b5cd686f4855ef5d04cd654d9ea7e av_one_full  avia-builder-el-2  avia-builder-el-no-sibling  first flex_column_div av-zero-column-padding  '     ><style type=\"text\/css\" data-created_by=\"avia_inline_auto\" id=\"style-css-av-jhbwetoo-cb81ae4327415190b424f9787af354a3\">\n#top .av-special-heading.av-jhbwetoo-cb81ae4327415190b424f9787af354a3{\npadding-bottom:0;\ncolor:#ffffff;\nfont-size:36px;\n}\nbody .av-special-heading.av-jhbwetoo-cb81ae4327415190b424f9787af354a3 .av-special-heading-tag .heading-char{\nfont-size:25px;\n}\n#top #wrap_all .av-special-heading.av-jhbwetoo-cb81ae4327415190b424f9787af354a3 .av-special-heading-tag{\nfont-size:36px;\n}\n.av-special-heading.av-jhbwetoo-cb81ae4327415190b424f9787af354a3 .special-heading-inner-border{\nborder-color:#ffffff;\n}\n.av-special-heading.av-jhbwetoo-cb81ae4327415190b424f9787af354a3 .av-subheading{\nfont-size:15px;\n}\n\n@media only screen and (min-width: 480px) and (max-width: 767px){ \n#top #wrap_all .av-special-heading.av-jhbwetoo-cb81ae4327415190b424f9787af354a3 .av-special-heading-tag{\nfont-size:0.8em;\n}\n}\n\n@media only screen and (max-width: 479px){ \n#top #wrap_all .av-special-heading.av-jhbwetoo-cb81ae4327415190b424f9787af354a3 .av-special-heading-tag{\nfont-size:0.8em;\n}\n}\n<\/style>\n<div  class='av-special-heading av-jhbwetoo-cb81ae4327415190b424f9787af354a3 av-special-heading-h1 custom-color-heading blockquote modern-quote  avia-builder-el-3  avia-builder-el-no-sibling  av-inherit-size'><h1 class='av-special-heading-tag '  itemprop=\"headline\"  >T\u00e9l\u00e9chargements<\/h1><div class=\"special-heading-border\"><div class=\"special-heading-inner-border\"><\/div><\/div><\/div><\/div>\n\n<\/div><\/div><\/div><!-- close content main div --><\/div><\/div>\n<style type=\"text\/css\" data-created_by=\"avia_inline_auto\" id=\"style-css-av-awtvcm-7f6ab122c121e36697f09912ef513fdf\">\n.avia-section.av-awtvcm-7f6ab122c121e36697f09912ef513fdf{\nbackground-color:#ffffff;\nbackground-image:unset;\n}\n<\/style>\n<div id='av_section_2'  class='avia-section av-awtvcm-7f6ab122c121e36697f09912ef513fdf main_color avia-section-large avia-no-border-styling  avia-builder-el-4  el_after_av_section  el_before_av_textblock  avia-bg-style-scroll container_wrap fullsize'  ><div class='container av-section-cont-open' ><div class='template-page content  av-content-full alpha units'><div class='post-entry post-entry-type-page post-entry-1265'><div class='entry-content-wrapper clearfix'>\n<div class='flex_column_table av-e9ts6-137bd60e477cf4cb56caba05f7ba843c sc-av_two_third av-equal-height-column-flextable'>\n<style type=\"text\/css\" data-created_by=\"avia_inline_auto\" id=\"style-css-av-e9ts6-137bd60e477cf4cb56caba05f7ba843c\">\n.flex_column.av-e9ts6-137bd60e477cf4cb56caba05f7ba843c{\nborder-radius:0px 0px 0px 0px;\npadding:0px 0px 0px 0px;\n}\n<\/style>\n<div  class='flex_column av-e9ts6-137bd60e477cf4cb56caba05f7ba843c av_two_third  avia-builder-el-5  el_before_av_one_third  avia-builder-el-first  first flex_column_table_cell av-equal-height-column av-align-middle av-zero-column-padding  '     ><section  class='av_textblock_section av-mfb4eqrw-5153ee3e1e4ae6e56fb51cbdb96bd9f6 '   itemscope=\"itemscope\" itemtype=\"https:\/\/schema.org\/CreativeWork\" ><div class='avia_textblock'  itemprop=\"text\" ><h2>Catalogue<\/h2>\n<ul>\n<li><a title=\"Cliquez ici pour t\u00e9l\u00e9charger le catalogue HS FITTINGS : T\u00e9l\u00e9charger maintenant.\" href=\"https:\/\/hermannschmidt.de\/pdf\/kataloge\/HS-Fittings-Rohrberbindungstechnik-Katalog.pdf\" target=\"_blank\" rel=\"noopener noreferrer nofollow\">Catalogue HS FITTINGS<\/a><\/li>\n<\/ul>\n<\/div><\/section><\/div><div class='av-flex-placeholder'><\/div>\n<style type=\"text\/css\" data-created_by=\"avia_inline_auto\" id=\"style-css-av-91k06-810a07d2325970bfc50b27d784910815\">\n.flex_column.av-91k06-810a07d2325970bfc50b27d784910815{\nborder-radius:0px 0px 0px 0px;\npadding:0px 0px 0px 0px;\n}\n<\/style>\n<div  class='flex_column av-91k06-810a07d2325970bfc50b27d784910815 av_one_third  avia-builder-el-7  el_after_av_two_third  avia-builder-el-last  flex_column_table_cell av-equal-height-column av-align-middle av-zero-column-padding  '     ><style type=\"text\/css\" data-created_by=\"avia_inline_auto\" id=\"style-css-av-jhbt8tre-c083d1c0d5e73b3068cd4ff47ad31be9\">\n.avia-image-container.av-jhbt8tre-c083d1c0d5e73b3068cd4ff47ad31be9 img.avia_image{\nbox-shadow:none;\n}\n.avia-image-container.av-jhbt8tre-c083d1c0d5e73b3068cd4ff47ad31be9 .av-image-caption-overlay-center{\ncolor:#ffffff;\n}\n<\/style>\n<div  class='avia-image-container av-jhbt8tre-c083d1c0d5e73b3068cd4ff47ad31be9 av-styling- avia-align-center  avia-builder-el-8  avia-builder-el-no-sibling '   itemprop=\"image\" itemscope=\"itemscope\" itemtype=\"https:\/\/schema.org\/ImageObject\" ><div class=\"avia-image-container-inner\"><div class=\"avia-image-overlay-wrap\"><img decoding=\"async\" fetchpriority=\"high\" class='wp-image-1134 avia-img-lazy-loading-not-1134 avia_image ' src=\"https:\/\/hs-fittings.de\/wp-content\/uploads\/Bild-2-Fittings-scaled.jpg\" alt='' title='Bild 2 - Fittings'  height=\"1366\" width=\"2048\"  itemprop=\"thumbnailUrl\" srcset=\"https:\/\/hs-fittings.de\/wp-content\/uploads\/Bild-2-Fittings-scaled.jpg 2048w, https:\/\/hs-fittings.de\/wp-content\/uploads\/Bild-2-Fittings-1030x687.jpg 1030w, https:\/\/hs-fittings.de\/wp-content\/uploads\/Bild-2-Fittings-768x512.jpg 768w, https:\/\/hs-fittings.de\/wp-content\/uploads\/Bild-2-Fittings-1536x1024.jpg 1536w, https:\/\/hs-fittings.de\/wp-content\/uploads\/Bild-2-Fittings-1500x1000.jpg 1500w, https:\/\/hs-fittings.de\/wp-content\/uploads\/Bild-2-Fittings-705x470.jpg 705w\" sizes=\"(max-width: 2048px) 100vw, 2048px\" \/><\/div><\/div><\/div><\/div><\/div><!--close column table wrapper. Autoclose: 1 -->\n<\/div><\/div><\/div><!-- close content main div --><\/div><\/div><div id='after_section_2'  class='main_color av_default_container_wrap container_wrap fullsize'  ><div class='container av-section-cont-open' ><div class='template-page content  av-content-full alpha units'><div class='post-entry post-entry-type-page post-entry-1265'><div class='entry-content-wrapper clearfix'>\n<section  class='av_textblock_section av-jhbwdv3w-f3e4bc426dfae816d88f8c59fb8519e1 '   itemscope=\"itemscope\" itemtype=\"https:\/\/schema.org\/CreativeWork\" ><div class='avia_textblock'  itemprop=\"text\" ><p>Si vous souhaitez consulter les <a href=\"https:\/\/hs-fittings.de\/fr\/preislisten\/\"><strong>listes de prix actuelles<\/strong><\/a> ou <strong>des certificats<\/strong> pour nos produits sous forme de fichier PDF ou de version imprim\u00e9e, n&rsquo;h\u00e9sitez pas \u00e0 nous les demander <a href=\"mailto:info@hs-fittings.de\">par e-mail<\/a>.<\/p>\n<p>Vous pouvez consulter nos listes de prix sous forme num\u00e9rique ici : <a href=\"https:\/\/hs-fittings.de\/fr\/preislisten\/\"><strong>HS Fittings listes de prix<\/strong><\/a><\/p>\n<\/div><\/section>\n<\/div><\/div><\/div><!-- close content main div --><\/div><\/div><div id='av_section_3'  class='avia-section av-dmx3c-6f383953da2dc5fbe1fcff48a83bd37f main_color avia-section-default avia-no-border-styling  avia-builder-el-10  el_after_av_textblock  avia-builder-el-last  avia-bg-style-scroll container_wrap fullsize'  ><div class='container av-section-cont-open' ><div class='template-page content  av-content-full alpha units'><div class='post-entry post-entry-type-page post-entry-1265'><div class='entry-content-wrapper clearfix'>\n<section  class='av_textblock_section av-mfcbzwmb-f14afd03a73cc50d70936d8401618c4a '   itemscope=\"itemscope\" itemtype=\"https:\/\/schema.org\/CreativeWork\" ><div class='avia_textblock'  itemprop=\"text\" ><h2>Fiches techniques<\/h2>\n<\/div><\/section>\n<div  class='flex_column av-9uavs-e3a3cd2f8772218feb78cc508b9dd5ca av_one_half  avia-builder-el-12  el_after_av_textblock  el_before_av_one_half  first flex_column_div  column-top-margin'     ><section  class='av_textblock_section av-mfb84d5u-0469975bdf682f8a06f89dc4eea53fde '   itemscope=\"itemscope\" itemtype=\"https:\/\/schema.org\/CreativeWork\" ><div class='avia_textblock'  itemprop=\"text\" ><h3>Raccords \u00e0 sertir HS<\/h3>\n<ul>\n<li><a title=\"Aquagas Pressfitting Cuivre M\" href=\"https:\/\/hermannschmidt.de\/pdf\/datenblatt\/hs-fittings\/Aquagas-Pressfitting-Kupfer-M.pdf\" target=\"_blank\" rel=\"noopener noreferrer\">Aquagas Pressfitting Cuivre M<\/a><\/li>\n<li><a title=\"Aquagas Pressfitting Cuivre V\" href=\"https:\/\/hermannschmidt.de\/pdf\/datenblatt\/hs-fittings\/Aquagas-Pressfitting-Kupfer-V.pdf\" target=\"_blank\" rel=\"noopener noreferrer\">Aquagas Pressfitting Cuivre V<\/a><\/li>\n<li><a title=\"Bague d&#039;\u00e9tanch\u00e9it\u00e9\" href=\"https:\/\/hermannschmidt.de\/pdf\/datenblatt\/hs-fittings\/Dichtring.pdf\" target=\"_blank\" rel=\"noopener noreferrer\">Bague d&rsquo;\u00e9tanch\u00e9it\u00e9<\/a><\/li>\n<li><a title=\"Press Inox Pressfitting Acier inoxydable M\" href=\"https:\/\/hermannschmidt.de\/pdf\/datenblatt\/hs-fittings\/Press-Inox-Pressfitting-Edelstahl-M.pdf\" target=\"_blank\" rel=\"noopener noreferrer\">Press Inox Pressfitting Acier inoxydable M<\/a><\/li>\n<li><a title=\"Press Inox Pressfitting Acier inoxydable V\" href=\"https:\/\/hermannschmidt.de\/pdf\/datenblatt\/hs-fittings\/Press-Inox-Pressfitting-Edelstahl-V.pdf\" target=\"_blank\" rel=\"noopener noreferrer\">Press Inox Pressfitting Acier inoxydable V<\/a><\/li>\n<li><a title=\"Press Steel Raccord \u00e0 sertir Acier au carbone HD\" href=\"https:\/\/hermannschmidt.de\/pdf\/datenblatt\/hs-fittings\/Press-Steel-Hd-Pressfitting-C-Stahl-Hd.pdf\" target=\"_blank\" rel=\"noopener noreferrer nofollow\">Press Steel Raccord \u00e0 sertir Acier au carbone HD<\/a><\/li>\n<li><a title=\"Press Steel Raccord \u00e0 sertir C Acier M\" href=\"https:\/\/hermannschmidt.de\/pdf\/datenblatt\/hs-fittings\/Press-Steel-Pressfitting-C-Stahl-M.pdf\" target=\"_blank\" rel=\"noopener noreferrer\">Press Steel Raccord \u00e0 sertir C Acier M<\/a><\/li>\n<li><a title=\"Press Steel Raccord \u00e0 sertir C Acier V\" href=\"https:\/\/hermannschmidt.de\/pdf\/datenblatt\/hs-fittings\/Press-Steel-Pressfitting-C-Stahl-V.pdf\" target=\"_blank\" rel=\"noopener noreferrer\">Press Steel Raccord \u00e0 sertir C Acier V<\/a><\/li>\n<li><a title=\"Raccords \u00e0 sertir Domaines d&#039;application\" href=\"https:\/\/hermannschmidt.de\/pdf\/datenblatt\/hs-fittings\/Pressfittings-Einsatzbereiche.pdf\" target=\"_blank\" rel=\"noopener noreferrer nofollow\">Raccords \u00e0 sertir Domaines d&rsquo;application<\/a><\/li>\n<li><a title=\"Aper\u00e7u des raccords \u00e0 sertir et des joints toriques\" href=\"https:\/\/hermannschmidt.de\/pdf\/datenblatt\/hs-fittings\/Uebersicht-Pressfittings-Und-O-Ringe.pdf\" target=\"_blank\" rel=\"noopener noreferrer nofollow\">Aper\u00e7u des raccords \u00e0 sertir et des joints toriques<\/a><\/li>\n<\/ul>\n<\/div><\/section><\/div><div  class='flex_column av-9yhcg-915902e7aed5d23fc289cfa23cca69e1 av_one_half  avia-builder-el-14  el_after_av_one_half  avia-builder-el-last  flex_column_div  column-top-margin'     ><section  class='av_textblock_section av-mfcc0n3t-039deca77120d6e799bf094c5d164984 '   itemscope=\"itemscope\" itemtype=\"https:\/\/schema.org\/CreativeWork\" ><div class='avia_textblock'  itemprop=\"text\" ><h3>Raccords filet\u00e9s HS<\/h3>\n<ul>\n<li><a title=\"Raccord en acier inoxydable Brides Robinetterie\" href=\"https:\/\/hermannschmidt.de\/pdf\/datenblatt\/hs-fittings\/Edelstahl-Fitting-Flansche-Armaturen.pdf\" target=\"_blank\" rel=\"noopener noreferrer\">Raccord en acier inoxydable Brides Robinetterie<\/a><\/li>\n<li><a title=\"Raccord en acier\" href=\"https:\/\/hermannschmidt.de\/pdf\/datenblatt\/hs-fittings\/Stahl-Fitting.pdf\" target=\"_blank\" rel=\"noopener noreferrer\">Raccord en acier<\/a><\/li>\n<li><a title=\"Raccord en fonte mall\u00e9able\" href=\"https:\/\/hermannschmidt.de\/pdf\/datenblatt\/hs-fittings\/Temperguss-Fitting.pdf\" target=\"_blank\" rel=\"noopener noreferrer\">Raccord en fonte mall\u00e9able<\/a><\/li>\n<\/ul>\n<h3>Raccords \u00e0 souder HS<\/h3>\n<ul>\n<li><a title=\"Coude de tuyau Raccord \u00e0 souder Brides\" href=\"https:\/\/hermannschmidt.de\/pdf\/datenblatt\/hs-fittings\/Rohrbogen-Schweissfitting-Flansche.pdf\" target=\"_blank\" rel=\"noopener noreferrer\">Coude de tuyau Raccord \u00e0 souder Brides<\/a><\/li>\n<\/ul>\n<\/div><\/section><\/div>\n","protected":false},"excerpt":{"rendered":"","protected":false},"author":2,"featured_media":1134,"parent":0,"menu_order":0,"comment_status":"closed","ping_status":"closed","template":"","meta":{"footnotes":""},"class_list":["post-1265","page","type-page","status-publish","has-post-thumbnail","hentry"],"_links":{"self":[{"href":"https:\/\/hs-fittings.de\/fr\/wp-json\/wp\/v2\/pages\/1265","targetHints":{"allow":["GET"]}}],"collection":[{"href":"https:\/\/hs-fittings.de\/fr\/wp-json\/wp\/v2\/pages"}],"about":[{"href":"https:\/\/hs-fittings.de\/fr\/wp-json\/wp\/v2\/types\/page"}],"author":[{"embeddable":true,"href":"https:\/\/hs-fittings.de\/fr\/wp-json\/wp\/v2\/users\/2"}],"replies":[{"embeddable":true,"href":"https:\/\/hs-fittings.de\/fr\/wp-json\/wp\/v2\/comments?post=1265"}],"version-history":[{"count":7,"href":"https:\/\/hs-fittings.de\/fr\/wp-json\/wp\/v2\/pages\/1265\/revisions"}],"predecessor-version":[{"id":1693,"href":"https:\/\/hs-fittings.de\/fr\/wp-json\/wp\/v2\/pages\/1265\/revisions\/1693"}],"wp:featuredmedia":[{"embeddable":true,"href":"https:\/\/hs-fittings.de\/fr\/wp-json\/wp\/v2\/media\/1134"}],"wp:attachment":[{"href":"https:\/\/hs-fittings.de\/fr\/wp-json\/wp\/v2\/media?parent=1265"}],"curies":[{"name":"wp","href":"https:\/\/api.w.org\/{rel}","templated":true}]}}